{"id":11,"date":"2025-04-04T11:13:44","date_gmt":"2025-04-04T11:13:44","guid":{"rendered":"https:\/\/czystyekspres.pl\/?page_id=11"},"modified":"2026-01-13T12:24:01","modified_gmt":"2026-01-13T12:24:01","slug":"front_page","status":"publish","type":"page","link":"https:\/\/czystyekspres.pl\/","title":{"rendered":"O nas"},"content":{"rendered":"\nSerwis oferuje naprawy, czyszczenie i konserwacj\u0119 urz\u0105dze\u0144 wszystkich wiod\u0105cych marek, takich jak: Jura, Nivona, Melitta, Philips, Saeco, Delonghi, Krups, Siemens, Bosch, Beko, Whirlpool, Miele.<br>\n\nZajmujemy si\u0119 profesjonaln\u0105 napraw\u0105 pogwarancyjn\u0105 ekspres\u00f3w automatycznych segmentu domowego oraz biurowego.<br>\n\nNasze us\u0142ugi obejmuj\u0105 przegl\u0105dy okresowe, naprawy bie\u017c\u0105ce oraz sprzeda\u017c ekspres\u00f3w u\u017cywanych.\n\n\n\n<p><\/p>\n","protected":false},"excerpt":{"rendered":"<p>Serwis oferuje naprawy, czyszczenie i konserwacj\u0119 urz\u0105dze\u0144 wszystkich wiod\u0105cych marek, takich jak: Jura, Nivona, Melitta, Philips, Saeco, Delonghi, Krups, Siemens, Bosch, Beko, Whirlpool, Miele. Zajmujemy si\u0119 profesjonaln\u0105 napraw\u0105 pogwarancyjn\u0105 ekspres\u00f3w automatycznych segmentu domowego oraz biurowego. Nasze us\u0142ugi obejmuj\u0105 przegl\u0105dy okresowe, &hellip; <a href=\"https:\/\/czystyekspres.pl\/\">Czytaj dalej <span class=\"meta-nav\">&rarr;<\/span><\/a><\/p>\n","protected":false},"author":1,"featured_media":0,"parent":0,"menu_order":0,"comment_status":"closed","ping_status":"closed","template":"","meta":{"footnotes":""},"class_list":["post-11","page","type-page","status-publish","hentry"],"aioseo_notices":[],"_links":{"self":[{"href":"https:\/\/czystyekspres.pl\/index.php?rest_route=\/wp\/v2\/pages\/11","targetHints":{"allow":["GET"]}}],"collection":[{"href":"https:\/\/czystyekspres.pl\/index.php?rest_route=\/wp\/v2\/pages"}],"about":[{"href":"https:\/\/czystyekspres.pl\/index.php?rest_route=\/wp\/v2\/types\/page"}],"author":[{"embeddable":true,"href":"https:\/\/czystyekspres.pl\/index.php?rest_route=\/wp\/v2\/users\/1"}],"replies":[{"embeddable":true,"href":"https:\/\/czystyekspres.pl\/index.php?rest_route=%2Fwp%2Fv2%2Fcomments&post=11"}],"version-history":[{"count":13,"href":"https:\/\/czystyekspres.pl\/index.php?rest_route=\/wp\/v2\/pages\/11\/revisions"}],"predecessor-version":[{"id":302,"href":"https:\/\/czystyekspres.pl\/index.php?rest_route=\/wp\/v2\/pages\/11\/revisions\/302"}],"wp:attachment":[{"href":"https:\/\/czystyekspres.pl\/index.php?rest_route=%2Fwp%2Fv2%2Fmedia&parent=11"}],"curies":[{"name":"wp","href":"https:\/\/api.w.org\/{rel}","templated":true}]}}