{"id":110,"date":"2025-04-30T07:46:49","date_gmt":"2025-04-30T07:46:49","guid":{"rendered":"https:\/\/czystyekspres.pl\/?page_id=110"},"modified":"2026-01-13T12:23:01","modified_gmt":"2026-01-13T12:23:01","slug":"kontakt","status":"publish","type":"page","link":"https:\/\/czystyekspres.pl\/?page_id=110","title":{"rendered":"Kontakt z serwisem Czysty Ekspres"},"content":{"rendered":"\n<section style=\"text-align:center; padding:50px 20px; background-color:#faf8f3; border-top:2px solid #eee;\">\n    <p style=\"font-size:17px; color:#333; margin-bottom:5px;\">\n    Zadzwo\u0144 przed przyjazdem \u2013 przyjmujemy telefony wy\u0142\u0105cznie w godzinach:\n  <\/p>\n\n  <p style=\"font-size:20px; font-weight:600; color:#c79200; margin-bottom:20px;\">\n    Poniedzia\u0142ek\u2013Pi\u0105tek: 17:00\u201319:00\n  <\/p>\n\n  <div style=\"margin-bottom:15px;\">\n    <a href=\"tel:795001394\" \n       style=\"background-color:#000; color:#fff; padding:14px 30px; border-radius:6px; \n              text-decoration:none; font-size:18px; display:inline-block; transition:0.2s;\">\n      \ud83d\udcde Zadzwo\u0144: 795&nbsp;001&nbsp;394\n    <\/a>\n  <\/div>\n\n  <p style=\"font-size:15px; color:#666; margin-top:-5px; margin-bottom:25px;\">\n    (poza godzinami prosimy o kontakt mailowy)\n  <\/p>\n\n  <p style=\"font-size:16px; color:#444; margin-bottom:5px;\">\n    E-mail: <a href=\"mailto:czystyekspres@gmail.com\" \n               style=\"color:#c79200; text-decoration:none;\">czystyekspres@gmail.com<\/a>\n  <\/p>\n\n  <p style=\"font-size:16px; color:#444; margin-bottom:30px;\">\n    Lokalizacja: os. Polana Szaflarska 7\/17, Nowy Targ\n  <\/p>\n\n  <div style=\"max-width:700px; margin:0 auto;\">\n    <iframe \n      src=\"https:\/\/www.google.com\/maps\/embed?pb=!1m18!1m12!1m3!1d3212.201887864951!2d20.0299479!3d49.4788989!2m3!1f0!2f0!3f0!3m2!1i1024!2i768!4f13.1!3m3!1m2!1s0x4715efb79d6b91e1%3A0x21d4d9299d2e8e0c!2sPolana%20Szaflarska%207%2F17%2C%2034-400%20Nowy%20Targ!5e0!3m2!1spl!2spl!4v1730222222222!5m2!1spl!2spl\" \n      width=\"100%\" height=\"300\" \n      style=\"border:0; border-radius:12px;\"\n      allowfullscreen=\"\" \n      loading=\"lazy\"\n      referrerpolicy=\"no-referrer-when-downgrade\">\n    <\/iframe>\n  <\/div>\n<\/section>\n\n\n\n<p><\/p>\n","protected":false},"excerpt":{"rendered":"<p>Zadzwo\u0144 przed przyjazdem \u2013 przyjmujemy telefony wy\u0142\u0105cznie w godzinach: Poniedzia\u0142ek\u2013Pi\u0105tek: 17:00\u201319:00 \ud83d\udcde Zadzwo\u0144: 795&nbsp;001&nbsp;394 (poza godzinami prosimy o kontakt mailowy) E-mail: czystyekspres@gmail.com Lokalizacja: os. Polana Szaflarska 7\/17, Nowy Targ<\/p>\n","protected":false},"author":1,"featured_media":0,"parent":0,"menu_order":0,"comment_status":"closed","ping_status":"closed","template":"","meta":{"footnotes":""},"class_list":["post-110","page","type-page","status-publish","hentry"],"aioseo_notices":[],"_links":{"self":[{"href":"https:\/\/czystyekspres.pl\/index.php?rest_route=\/wp\/v2\/pages\/110","targetHints":{"allow":["GET"]}}],"collection":[{"href":"https:\/\/czystyekspres.pl\/index.php?rest_route=\/wp\/v2\/pages"}],"about":[{"href":"https:\/\/czystyekspres.pl\/index.php?rest_route=\/wp\/v2\/types\/page"}],"author":[{"embeddable":true,"href":"https:\/\/czystyekspres.pl\/index.php?rest_route=\/wp\/v2\/users\/1"}],"replies":[{"embeddable":true,"href":"https:\/\/czystyekspres.pl\/index.php?rest_route=%2Fwp%2Fv2%2Fcomments&post=110"}],"version-history":[{"count":19,"href":"https:\/\/czystyekspres.pl\/index.php?rest_route=\/wp\/v2\/pages\/110\/revisions"}],"predecessor-version":[{"id":301,"href":"https:\/\/czystyekspres.pl\/index.php?rest_route=\/wp\/v2\/pages\/110\/revisions\/301"}],"wp:attachment":[{"href":"https:\/\/czystyekspres.pl\/index.php?rest_route=%2Fwp%2Fv2%2Fmedia&parent=110"}],"curies":[{"name":"wp","href":"https:\/\/api.w.org\/{rel}","templated":true}]}}