{"id":3,"date":"2025-04-03T08:26:46","date_gmt":"2025-04-03T08:26:46","guid":{"rendered":"http:\/\/czystyekspres.pl\/?page_id=3"},"modified":"2026-01-13T12:28:02","modified_gmt":"2026-01-13T12:28:02","slug":"privacy-policy","status":"publish","type":"page","link":"https:\/\/czystyekspres.pl\/?page_id=3","title":{"rendered":"Polityka prywatno\u015bci"},"content":{"rendered":"\n\n\n<p>POLITYKA PRYWATNO\u015aCI<\/p>\n\n\n\n<ol class=\"wp-block-list\">\n<li><\/li>\n<\/ol>\n\n\n\n<p>Administratorem danych osobowych jest:<br>Czysty Ekspres<br>Polana Szaflarska 7\/17<br>34-400 Nowy Targ<br>NIP: 7352556697<br>adres e-mail: czystyekspres@gmail.com<br>telefon: 795 001 394<\/p>\n\n\n\n<ol start=\"2\" class=\"wp-block-list\">\n<li>Zakres przetwarzanych danych<br>Administrator przetwarza dane osobowe wy\u0142\u0105cznie w zakresie niezb\u0119dnym do realizacji kontaktu oraz prowadzenia serwisu, w szczeg\u00f3lno\u015bci:<\/li>\n<\/ol>\n\n\n\n<ul class=\"wp-block-list\">\n<li>adres e-mail,<\/li>\n\n\n\n<li>numer telefonu,<\/li>\n\n\n\n<li>inne dane przekazane dobrowolnie w tre\u015bci korespondencji e-mailowej lub telefonicznej.<\/li>\n<\/ul>\n\n\n\n<p>Serwis nie posiada formularza kontaktowego.<\/p>\n\n\n\n<ol start=\"3\" class=\"wp-block-list\">\n<li>Cel przetwarzania danych<br>Dane osobowe przetwarzane s\u0105 w celu:<\/li>\n<\/ol>\n\n\n\n<ul class=\"wp-block-list\">\n<li>udzielenia odpowiedzi na zapytania kierowane drog\u0105 e-mailow\u0105 lub telefoniczn\u0105,<\/li>\n\n\n\n<li>realizacji us\u0142ug serwisowych,<\/li>\n\n\n\n<li>prowadzenia statystyk i analizy ruchu na stronie internetowej.<\/li>\n<\/ul>\n\n\n\n<ol start=\"3\" class=\"wp-block-list\">\n<li>Podstawa prawna przetwarzania danych<br>Dane osobowe przetwarzane s\u0105 na podstawie:<\/li>\n<\/ol>\n\n\n\n<ul class=\"wp-block-list\">\n<li>art. 6 ust. 1 lit. b RODO \u2013 realizacja kontaktu lub us\u0142ugi,<\/li>\n\n\n\n<li>art. 6 ust. 1 lit. f RODO \u2013 prawnie uzasadniony interes administratora polegaj\u0105cy na prowadzeniu i optymalizacji serwisu internetowego.<\/li>\n<\/ul>\n\n\n\n<ol start=\"3\" class=\"wp-block-list\">\n<li>Narz\u0119dzia analityczne<br>Serwis korzysta z narz\u0119dzia Google Analytics za po\u015brednictwem wtyczki Google Analytics for WordPress by MonsterInsights.<br>Google Analytics wykorzystuje pliki cookies w celu analizy sposobu korzystania ze strony internetowej przez u\u017cytkownik\u00f3w.<\/li>\n<\/ol>\n\n\n\n<p>Dane zbierane w ramach Google Analytics maj\u0105 charakter statystyczny i s\u0105 anonimowe. Administratorem narz\u0119dzia jest Google LLC.<\/p>\n\n\n\n<ol start=\"6\" class=\"wp-block-list\">\n<li>Pliki cookies<br>Strona internetowa wykorzystuje pliki cookies (ciasteczka) w celu:<\/li>\n<\/ol>\n\n\n\n<ul class=\"wp-block-list\">\n<li>zapewnienia prawid\u0142owego dzia\u0142ania serwisu,<\/li>\n\n\n\n<li>prowadzenia statystyk odwiedzin.<\/li>\n<\/ul>\n\n\n\n<p>U\u017cytkownik mo\u017ce samodzielnie zmieni\u0107 ustawienia dotycz\u0105ce cookies w swojej przegl\u0105darce internetowej.<\/p>\n\n\n\n<ol start=\"7\" class=\"wp-block-list\">\n<li>Odbiorcy danych<br>Dane osobowe mog\u0105 by\u0107 przekazywane podmiotom \u015bwiadcz\u0105cym us\u0142ugi techniczne i hostingowe na rzecz Administratora, w szczeg\u00f3lno\u015bci:<\/li>\n<\/ol>\n\n\n\n<ul class=\"wp-block-list\">\n<li>OVH \u2013 dostawca hostingu.<\/li>\n<\/ul>\n\n\n\n<p>Dane nie s\u0105 przekazywane innym podmiotom trzecim, chyba \u017ce obowi\u0105zek taki wynika z przepis\u00f3w prawa.<\/p>\n\n\n\n<ol start=\"8\" class=\"wp-block-list\">\n<li>Okres przechowywania danych<br>Dane osobowe przechowywane s\u0105 przez okres niezb\u0119dny do realizacji celu, dla kt\u00f3rego zosta\u0142y zebrane, lub do momentu cofni\u0119cia zgody b\u0105d\u017a wniesienia sprzeciwu.<\/li>\n\n\n\n<li>Prawa u\u017cytkownika<br>U\u017cytkownik ma prawo do:<\/li>\n<\/ol>\n\n\n\n<ul class=\"wp-block-list\">\n<li>dost\u0119pu do swoich danych osobowych,<\/li>\n\n\n\n<li>ich sprostowania,<\/li>\n\n\n\n<li>usuni\u0119cia danych,<\/li>\n\n\n\n<li>ograniczenia przetwarzania,<\/li>\n\n\n\n<li>wniesienia sprzeciwu wobec przetwarzania,<\/li>\n\n\n\n<li>z\u0142o\u017cenia skargi do Prezesa Urz\u0119du Ochrony Danych Osobowych.<\/li>\n<\/ul>\n\n\n\n<p>Kontakt<br>W sprawach zwi\u0105zanych z ochron\u0105 danych osobowych mo\u017cna kontaktowa\u0107 si\u0119 z Administratorem pod adresem e-mail:<br>czystyekspres@gmail.com<\/p>\n\n\n\n<p><\/p>\n","protected":false},"excerpt":{"rendered":"<p>POLITYKA PRYWATNO\u015aCI Administratorem danych osobowych jest:Czysty EkspresPolana Szaflarska 7\/1734-400 Nowy TargNIP: 7352556697adres e-mail: czystyekspres@gmail.comtelefon: 795 001 394 Serwis nie posiada formularza kontaktowego. Dane zbierane w ramach Google Analytics maj\u0105 charakter statystyczny i s\u0105 anonimowe. Administratorem narz\u0119dzia jest Google LLC. U\u017cytkownik &hellip; <a href=\"https:\/\/czystyekspres.pl\/?page_id=3\">Czytaj dalej <span class=\"meta-nav\">&rarr;<\/span><\/a><\/p>\n","protected":false},"author":1,"featured_media":0,"parent":0,"menu_order":0,"comment_status":"closed","ping_status":"open","template":"","meta":{"footnotes":""},"class_list":["post-3","page","type-page","status-publish","hentry"],"aioseo_notices":[],"_links":{"self":[{"href":"https:\/\/czystyekspres.pl\/index.php?rest_route=\/wp\/v2\/pages\/3","targetHints":{"allow":["GET"]}}],"collection":[{"href":"https:\/\/czystyekspres.pl\/index.php?rest_route=\/wp\/v2\/pages"}],"about":[{"href":"https:\/\/czystyekspres.pl\/index.php?rest_route=\/wp\/v2\/types\/page"}],"author":[{"embeddable":true,"href":"https:\/\/czystyekspres.pl\/index.php?rest_route=\/wp\/v2\/users\/1"}],"replies":[{"embeddable":true,"href":"https:\/\/czystyekspres.pl\/index.php?rest_route=%2Fwp%2Fv2%2Fcomments&post=3"}],"version-history":[{"count":4,"href":"https:\/\/czystyekspres.pl\/index.php?rest_route=\/wp\/v2\/pages\/3\/revisions"}],"predecessor-version":[{"id":303,"href":"https:\/\/czystyekspres.pl\/index.php?rest_route=\/wp\/v2\/pages\/3\/revisions\/303"}],"wp:attachment":[{"href":"https:\/\/czystyekspres.pl\/index.php?rest_route=%2Fwp%2Fv2%2Fmedia&parent=3"}],"curies":[{"name":"wp","href":"https:\/\/api.w.org\/{rel}","templated":true}]}}